{"id":3,"date":"2025-09-20T21:07:14","date_gmt":"2025-09-20T19:07:14","guid":{"rendered":"https:\/\/grodzisk-psychoterapia.pl\/?page_id=3"},"modified":"2025-09-24T22:28:49","modified_gmt":"2025-09-24T20:28:49","slug":"polityka-prywatnosci","status":"publish","type":"page","link":"https:\/\/grodzisk-psychoterapia.pl\/en\/polityka-prywatnosci\/","title":{"rendered":"Regulamin p\u0142atno\u015bci"},"content":{"rendered":"\n<p>Regulamin p\u0142atno\u015bci za po\u015brednictwem Tpay<\/p>\n\n\n\n<p>Niniejszy Regulamin okre\u015bla zasady dokonywania p\u0142atno\u015bci za us\u0142ugi psychologiczne dla PSYCHOTERAPIA Justyna-Gmurek-Lewandowska, za po\u015brednictwem Tpay<\/p>\n\n\n\n<p>Definicje:<\/p>\n\n\n\n<ol class=\"wp-block-list\">\n<li>Odbiorca p\u0142atno\u015bci \u2013 PSYCHOTERAPIA Justyna Gmurek-Lewandowska, ul. Cichociemnych 2, 05-825 Ksi\u0105\u017cenice, NIP: 5262286879, REGON: 141411805<\/li>\n\n\n\n<li>P\u0142atnik \u2013 osoba fizyczna maj\u0105ca pe\u0142n\u0105 zdolno\u015b\u0107 do czynno\u015bci prawnych, osoba prawna lub jednostka organizacyjna nieb\u0119d\u0105ca osob\u0105 prawn\u0105, kt\u00f3rej ustawa przyznaje zdolno\u015b\u0107 prawn\u0105, kt\u00f3ra dokonuje p\u0142atno\u015bci na rzecz Odbiorcy p\u0142atno\u015bci.<\/li>\n\n\n\n<li>Operator p\u0142atno\u015bci Tpay System p\u0142atno\u015bci Tpay nale\u017cy do sp\u00f3\u0142ki, Krajowy Integrator P\u0142atno\u015bci S.A. ul, Plac W\u0142adys\u0142awa Andersa 3, 61-894 Pozna\u0144, NIP: 7773061579, REGON: 30087843700000 , KRS: 0000412357.<\/li>\n\n\n\n<li>Serwis internetowy \u2013 serwis Tpay po\u015brednicz\u0105cy w przekazywaniu p\u0142atno\u015bci pomi\u0119dzy Odbiorc\u0105 p\u0142atno\u015bci a P\u0142atnikiem.<\/li>\n\n\n\n<li>P\u0142atno\u015b\u0107 \u2013 dokonywana przez P\u0142atnika indywidualna wp\u0142ata na rzecz Odbiorcy p\u0142atno\u015bci z wykorzystaniem Serwisu.<\/li>\n<\/ol>\n\n\n\n<p>\u00a71 Postanowienia og\u00f3lne<\/p>\n\n\n\n<ol class=\"wp-block-list\">\n<li>Odbiorc\u0105 p\u0142atno\u015bci jest Justyna Gmurek-Lewandowska, \u015bwiadcz\u0105ca us\u0142ugi psychologiczne zarejestrowana jako PSYCHOTERAPIA Justyna Gmurek-Lewandowska, ul. Cichociemnych 2, 05-825 Ksi\u0105\u017cenice, NIP: 5262286879, REGON: 141411805<\/li>\n\n\n\n<li>Podmiotem \u015bwiadcz\u0105cym us\u0142ug\u0119 p\u0142atnicz\u0105, zwan\u0105 dalej w niniejszym regulaminie \u201eUs\u0142ug\u0105 Tpay\u201d na rzecz U\u017cytkownik\u00f3w jest Operator p\u0142atno\u015bci. Operator p\u0142atno\u015bci realizuj\u0105c Us\u0142ug\u0119 Tpay wyst\u0119puje jako dostawca us\u0142ug p\u0142atniczych w rozumieniu ustawy z dnia 19 sierpnia 2017 r. o Us\u0142ugach p\u0142atniczych. (Dz.U. 2016.1572 t.j.).Ka\u017cda wp\u0142ata dokonana przez P\u0142atnika stanowi wp\u0142at\u0119 za us\u0142ugi PSYCHOTERAPIA Justyna Gmurek-Lewandowska<\/li>\n<\/ol>\n\n\n\n<p>\u00a72 Warunki \u015bwiadczenia us\u0142ug drog\u0105 elektroniczn\u0105<\/p>\n\n\n\n<p>1. W celu prawid\u0142owego korzystania ze Strony i innych oferowanych przez Us\u0142ugodawc\u0119 us\u0142ug konieczne jest spe\u0142nienie nast\u0119puj\u0105cych warunk\u00f3w technicznych:<\/p>\n\n\n\n<p>a. posiadanie dost\u0119pu do sieci internet;<\/p>\n\n\n\n<p>b. posiadanie przegl\u0105darki internetowej;<\/p>\n\n\n\n<p>c. posiadanie aktywnego konta e-mail.<\/p>\n\n\n\n<p>2. Us\u0142ugodawca nie gwarantuje niezak\u0142\u00f3conego i wolnego od b\u0142\u0119d\u00f3w dost\u0119pu do Strony. W szczeg\u00f3lno\u015bci dost\u0119p do Strony mo\u017ce zosta\u0107 ograniczony w zwi\u0105zku z konieczno\u015bci\u0105 przeprowadzenia jej napraw, konserwacji oraz nowych rozwi\u0105za\u0144.<\/p>\n\n\n\n<p>3. Zakazuje si\u0119 Us\u0142ugobiorcy dostarczania tre\u015bci o charakterze bezprawnym, w szczeg\u00f3lno\u015bci:<\/p>\n\n\n\n<p>a. naruszaj\u0105cych dobre imi\u0119 os\u00f3b trzecich;<\/p>\n\n\n\n<p>b. naruszaj\u0105cych tajemnic\u0119 przedsi\u0119biorstwa os\u00f3b trzecich;<\/p>\n\n\n\n<p>c. naruszaj\u0105cych praw w\u0142asno\u015bci intelektualnej os\u00f3b trzecich;<\/p>\n\n\n\n<p>d. stanowi\u0105cych czyn nieuczciwej konkurencji;<\/p>\n\n\n\n<p>e. namawiaj\u0105cych do jakichkolwiek dzia\u0142a\u0144 niezgodnych z prawem<\/p>\n\n\n\n<p>\u00a73&nbsp; Warunki zawierania i rozwi\u0105zywania um\u00f3w o \u015bwiadczenie us\u0142ug drog\u0105 elektroniczn\u0105<\/p>\n\n\n\n<ol class=\"wp-block-list\">\n<li>Po zapoznaniu si\u0119 z Regulaminem i jego akceptacji przez Klienta (lub przedstawiciela ustawowego Klienta) zostaje zawarta umowa cywilnoprawna pomi\u0119dzy PSYCHOTERAPIA Justyna Gmurek-Lewandowska, reguluj\u0105ca wzajemne zobowi\u0105zania Stron. W sprawach nieuregulowanych w Regulaminie, stosowane b\u0119d\u0105 odpowiednie przepisy Kodeksu cywilnego.<\/li>\n\n\n\n<li>Rezygnacja z psychoterapii mo\u017ce nast\u0105pi\u0107 osobi\u015bcie albo drog\u0105 e-mailow\u0105.<\/li>\n\n\n\n<li>Rezygnacja nast\u0119puje z zachowaniem pe\u0142nego jednomiesi\u0119cznego okresu wypowiedzenia.<\/li>\n<\/ol>\n\n\n\n<p>\u00a74 Reklamacje i zwroty:<\/p>\n\n\n\n<ol class=\"wp-block-list\">\n<li>Nabywca ma prawo do sk\u0142adania reklamacji zgodnie z w\u0142a\u015bciwymi przepisami Kodeksu cywilnego.<\/li>\n\n\n\n<li>Reklamacje nale\u017cy sk\u0142ada\u0107 Odbiorcy p\u0142atno\u015bci pisemnie lub osobi\u015bcie, telefonicznie lub za po\u015brednictwem poczty elektronicznej, na adres Odbiorcy podany na stronie internetowej <a href=\"https:\/\/grodzisk-psychoterapia.pl\" rel=\"nofollow\">https:\/\/grodzisk-psychoterapia.pl<\/a><\/li>\n\n\n\n<li>Odbiorca rozpatrzy reklamacj\u0119 i zawiadomi Nabywc\u0119 o sposobie jej za\u0142atwienia nie p\u00f3\u017aniej ni\u017c terminie 14 dni od daty jej otrzymania. Odpowied\u017a na reklamacj\u0119 Odbiorca przeka\u017ce pisemnie lub mailowo<\/li>\n<\/ol>\n\n\n\n<p>\u00a74 Polityka prywatno\u015bci<\/p>\n\n\n\n<ol class=\"wp-block-list\">\n<li>Uczestnik wyra\u017ca zgod\u0119 na gromadzenie i przetwarzanie swoich danych osobowych tylko i wy\u0142\u0105cznie na u\u017cytek Odbiorcy zgodnie z art. 6 ust. 1 lit. a Rozporz\u0105dzenia Parlamentu Europejskiego i Rady (UE) 2016\/679 z dnia 27 kwietnia 2016 r. w sprawie ochrony os\u00f3b fizycznych w zwi\u0105zku z przetwarzaniem danych osobowych i w sprawie swobodnego przep\u0142ywu takich danych oraz uchylenia dyrektywy 95\/46\/WE (og\u00f3lne rozporz\u0105dzenie o ochronie danych osobowych) (dz. Urz. UE L 119 z 04.05.2016r., str. 1), zwanego \u201eRODO\u201d oraz na otrzymywanie od PSYCHOTERAPIA Justyna Gmurek-Lewandowska, ul. Cichociemnych 2, 05-825 Ksi\u0105\u017cenice, NIP: 5262286879, REGON: 141411805, informacji handlowych drog\u0105 elektroniczn\u0105 zgodnie z ustaw\u0105 z dnia 18.07.2002 r. (Dz.U. nr 144, poz.1204 z p\u00f3\u017an. zm.) o \u015bwiadczeniu us\u0142ug drog\u0105 elektroniczn\u0105.<\/li>\n\n\n\n<li>Niniejszy Regulamin jest udost\u0119pniony w siedzibie i w miejscu \u015bwiadczenia us\u0142ug psychologicznych: Ul. Chopina 8c\/1, 05-825 Grodzisk Mazowiecki oraz na stronie internetowej <a href=\"https:\/\/grodzisk-psychoterapia.pl\">https:\/\/grodzisk-psychoterapia.pl<\/a> W zakresie nieuregulowanym niniejszym Regulaminem zastosowanie maj\u0105 powszechnie obowi\u0105zuj\u0105ce przepisy prawa.<\/li>\n<\/ol>\n\n\n\n<p>REGULAMIN DOTYCZ\u0104CY UCZESTNICTWA W PSYCHOTERAPII<\/p>\n\n\n\n<ol class=\"wp-block-list\">\n<li>Warunkiem uczestnictwa jest wcze\u015bniejszy zapis na konsultacj\u0119 psychoterapeutyczn\u0105 i uzgodnienie zasad uczestniczenia w procesie psychoterapeutycznym z psychoterapeut\u0105<\/li>\n\n\n\n<li>Zapis na pierwsz\u0105 konsultacj\u0119 odbywa si\u0119 telefonicznie na podstawie dost\u0119pnych termin\u00f3w.<\/li>\n\n\n\n<li>Za pomoc\u0105 p\u0142atno\u015bci online uczestnik lub osoba do tego upowa\u017cniona p\u0142aci za pierwsz\u0105 sesj\u0119 konsultacyjn\u0105. Dalsza p\u0142atno\u015b\u0107 za psychoterapi\u0119 odbywa si\u0119 raz w miesi\u0105cu za pomoc\u0105 metody p\u0142atno\u015bci uzgodnionej przez obie strony<\/li>\n\n\n\n<li>Stawka za sesj\u0119 mo\u017ce ulec zmianie, o czym klient b\u0119dzie poinformowany z co najmniej miesi\u0119cznym wyprzedzeniem<\/li>\n\n\n\n<li>Psychoterapeuta posiada odpowiednie wykszta\u0142cenie, przygotowanie i do\u015bwiadczenie zawodowe.<\/li>\n\n\n\n<li>Wszystkie sesje w cyklu s\u0105 p\u0142atne<\/li>\n<\/ol>\n\n\n<style>.wp-block-kadence-advancedheading.kt-adv-heading3_2dcf27-4f, .wp-block-kadence-advancedheading.kt-adv-heading3_2dcf27-4f[data-kb-block=\"kb-adv-heading3_2dcf27-4f\"]{font-style:normal;}.wp-block-kadence-advancedheading.kt-adv-heading3_2dcf27-4f mark.kt-highlight, .wp-block-kadence-advancedheading.kt-adv-heading3_2dcf27-4f[data-kb-block=\"kb-adv-heading3_2dcf27-4f\"] mark.kt-highlight{font-style:normal;color:#f76a0c;-webkit-box-decoration-break:clone;box-decoration-break:clone;padding-top:0px;padding-right:0px;padding-bottom:0px;padding-left:0px;}.wp-block-kadence-advancedheading.kt-adv-heading3_2dcf27-4f img.kb-inline-image, .wp-block-kadence-advancedheading.kt-adv-heading3_2dcf27-4f[data-kb-block=\"kb-adv-heading3_2dcf27-4f\"] img.kb-inline-image{width:150px;vertical-align:baseline;}<\/style>\n<h1 class=\"kt-adv-heading3_2dcf27-4f wp-block-kadence-advancedheading\" data-kb-block=\"kb-adv-heading3_2dcf27-4f\">Polityka prywatno\u015bci<\/h1>\n\n\n\n<h2 class=\"wp-block-heading\">Kim jeste\u015bmy<\/h2>\n\n\n\n<p>Adres naszej strony internetowej to: https:\/\/grodzisk-psychoterapia.pl.<\/p>\n\n\n\n<h2 class=\"wp-block-heading\">Ciasteczka<\/h2>\n\n\n\n<p>Je\u015bli skomentujesz co\u015b w witrynie, b\u0119dzie mo\u017cna wybra\u0107 opcj\u0119 zapisu nazwy, adresu e-mail i witryny internetowej w ciasteczkach, dzi\u0119ki kt\u00f3rym podczas pisania kolejnych komentarzy powy\u017csze informacje b\u0119d\u0105 ju\u017c dogodnie uzupe\u0142nione. Ciasteczka wygasaj\u0105 po roku.<\/p>\n\n\n\n<p>Je\u015bli odwiedzisz stron\u0119 logowania, utworzymy tymczasowe ciasteczko na potrzeby sprawdzenia czy twoja przegl\u0105darka akceptuje ciasteczka. Nie zawiera ono \u017cadnych danych osobistych i zostanie usuni\u0119te, kiedy przegl\u0105darka zostanie zamkni\u0119ta.<\/p>\n\n\n\n<p>Podczas logowania tworzymy dodatkowo kilka ciasteczek potrzebnych do zapisu twoich informacji logowania oraz wybranych opcji ekranu. Ciasteczka logowania wygasaj\u0105 po dw\u00f3ch dniach, a opcji ekranu po roku. Je\u015bli zaznaczysz opcj\u0119 \u201ePami\u0119taj mnie\u201d, logowanie wyga\u015bnie po dw\u00f3ch tygodniach. Je\u015bli wylogujesz si\u0119 ze swojego konta, ciasteczka logowania zostan\u0105 usuni\u0119te.<\/p>\n\n\n\n<p>Je\u015bli zmodyfikujesz albo opublikujesz artyku\u0142, w twojej przegl\u0105darce zostanie zapisane dodatkowe ciasteczko. To ciasteczko nie zawiera \u017cadnych danych osobistych, wskazuj\u0105c po prostu na identyfikator przed chwil\u0105 edytowanego artyku\u0142u. Wygasa ono po 1 dniu.<\/p>\n\n\n\n<h2 class=\"wp-block-heading\">Osadzone tre\u015bci z innych witryn<\/h2>\n\n\n\n<p>Artyku\u0142y na tej witrynie mog\u0105 zawiera\u0107 osadzone tre\u015bci (np. filmy, obrazki, artyku\u0142y itp.). Osadzone tre\u015bci z innych witryn zachowuj\u0105 si\u0119 analogicznie do tego, jakby u\u017cytkownik odwiedzi\u0142 bezpo\u015brednio konkretn\u0105 witryn\u0119.<\/p>\n\n\n\n<p>Witryny mog\u0105 zbiera\u0107 informacje o tobie, u\u017cywa\u0107 ciasteczek, do\u0142\u0105cza\u0107 dodatkowe, zewn\u0119trzne systemy \u015bledzenia i monitorowa\u0107 twoje interakcje z osadzonym materia\u0142em, w\u0142\u0105czaj\u0105c w to \u015bledzenie twoich interakcji z osadzonym materia\u0142em je\u015bli posiadasz konto i jeste\u015b zalogowany w tamtej witrynie.<\/p>\n\n\n\n<h2 class=\"wp-block-heading\">Jak d\u0142ugo przechowujemy twoje dane<\/h2>\n\n\n\n<p>Je\u015bli zostawisz komentarz, jego tre\u015b\u0107 i metadane b\u0119d\u0105 przechowywane przez czas nieokre\u015blony. Dzi\u0119ki temu jeste\u015bmy w stanie rozpoznawa\u0107 i zatwierdza\u0107 kolejne komentarze automatycznie, bez wysy\u0142ania ich do ka\u017cdorazowej moderacji.<\/p>\n\n\n\n<p>Dla u\u017cytkownik\u00f3w kt\u00f3rzy zarejestrowali si\u0119 na naszej stronie internetowej (je\u015bli tacy s\u0105), przechowujemy r\u00f3wnie\u017c informacje osobiste wprowadzone w profilu. Ka\u017cdy u\u017cytkownik mo\u017ce dokona\u0107 wgl\u0105du, korekty albo skasowa\u0107 swoje informacje osobiste w dowolnej chwili (nie licz\u0105c nazwy u\u017cytkownika, kt\u00f3rej nie mo\u017cna zmieni\u0107). Administratorzy strony r\u00f3wnie\u017c mog\u0105 przegl\u0105da\u0107 i modyfikowa\u0107 te informacje.<\/p>\n\n\n\n<p><\/p>\n","protected":false},"excerpt":{"rendered":"<p>Regulamin p\u0142atno\u015bci za po\u015brednictwem Tpay Niniejszy Regulamin okre\u015bla zasady dokonywania p\u0142atno\u015bci za us\u0142ugi psychologiczne dla PSYCHOTERAPIA Justyna-Gmurek-Lewandowska, za po\u015brednictwem Tpay Definicje: \u00a71 Postanowienia og\u00f3lne \u00a72 Warunki \u015bwiadczenia us\u0142ug drog\u0105 elektroniczn\u0105 1. W celu prawid\u0142owego korzystania ze Strony i innych oferowanych przez Us\u0142ugodawc\u0119 us\u0142ug konieczne jest spe\u0142nienie nast\u0119puj\u0105cych warunk\u00f3w technicznych: a. posiadanie dost\u0119pu do sieci internet;&#8230;<\/p>","protected":false},"author":1,"featured_media":0,"parent":0,"menu_order":0,"comment_status":"closed","ping_status":"open","template":"","meta":{"_kadence_starter_templates_imported_post":false,"_kad_post_transparent":"","_kad_post_title":"","_kad_post_layout":"","_kad_post_sidebar_id":"","_kad_post_content_style":"","_kad_post_vertical_padding":"","_kad_post_feature":"","_kad_post_feature_position":"","_kad_post_header":false,"_kad_post_footer":false,"_kad_post_classname":"","footnotes":""},"class_list":["post-3","page","type-page","status-publish","hentry"],"_links":{"self":[{"href":"https:\/\/grodzisk-psychoterapia.pl\/en\/wp-json\/wp\/v2\/pages\/3","targetHints":{"allow":["GET"]}}],"collection":[{"href":"https:\/\/grodzisk-psychoterapia.pl\/en\/wp-json\/wp\/v2\/pages"}],"about":[{"href":"https:\/\/grodzisk-psychoterapia.pl\/en\/wp-json\/wp\/v2\/types\/page"}],"author":[{"embeddable":true,"href":"https:\/\/grodzisk-psychoterapia.pl\/en\/wp-json\/wp\/v2\/users\/1"}],"replies":[{"embeddable":true,"href":"https:\/\/grodzisk-psychoterapia.pl\/en\/wp-json\/wp\/v2\/comments?post=3"}],"version-history":[{"count":2,"href":"https:\/\/grodzisk-psychoterapia.pl\/en\/wp-json\/wp\/v2\/pages\/3\/revisions"}],"predecessor-version":[{"id":830,"href":"https:\/\/grodzisk-psychoterapia.pl\/en\/wp-json\/wp\/v2\/pages\/3\/revisions\/830"}],"wp:attachment":[{"href":"https:\/\/grodzisk-psychoterapia.pl\/en\/wp-json\/wp\/v2\/media?parent=3"}],"curies":[{"name":"wp","href":"https:\/\/api.w.org\/{rel}","templated":true}]}}