{"id":705,"date":"2025-09-20T21:16:38","date_gmt":"2025-09-20T19:16:38","guid":{"rendered":"https:\/\/grodzisk-psychoterapia.pl\/?page_id=705"},"modified":"2025-12-11T23:20:00","modified_gmt":"2025-12-11T22:20:00","slug":"o-mnie","status":"publish","type":"page","link":"https:\/\/grodzisk-psychoterapia.pl\/en\/o-mnie\/","title":{"rendered":"About me"},"content":{"rendered":"<style>.kb-row-layout-id705_3ba7d2-ae > .kt-row-column-wrap{align-content:start;}:where(.kb-row-layout-id705_3ba7d2-ae > .kt-row-column-wrap) > .wp-block-kadence-column{justify-content:start;}.kb-row-layout-id705_3ba7d2-ae > .kt-row-column-wrap{column-gap:var(--global-kb-gap-md, 2rem);row-gap:var(--global-kb-gap-md, 2rem);padding-top:var(--global-kb-spacing-sm, 1.5rem);padding-bottom:var(--global-kb-spacing-sm, 1.5rem);grid-template-columns:repeat(2, minmax(0, 1fr));}.kb-row-layout-id705_3ba7d2-ae > .kt-row-layout-overlay{opacity:0.30;}@media all and (max-width: 1024px){.kb-row-layout-id705_3ba7d2-ae > .kt-row-column-wrap{grid-template-columns:repeat(2, minmax(0, 1fr));}}@media all and (max-width: 767px){.kb-row-layout-id705_3ba7d2-ae > .kt-row-column-wrap{grid-template-columns:minmax(0, 1fr);}}<\/style><div class=\"kb-row-layout-wrap kb-row-layout-id705_3ba7d2-ae alignnone wp-block-kadence-rowlayout\"><div class=\"kt-row-column-wrap kt-has-2-columns kt-row-layout-equal kt-tab-layout-inherit kt-mobile-layout-row kt-row-valign-top\">\n<style>.kadence-column705_4c0702-79 > .kt-inside-inner-col,.kadence-column705_4c0702-79 > .kt-inside-inner-col:before{border-top-left-radius:0px;border-top-right-radius:0px;border-bottom-right-radius:0px;border-bottom-left-radius:0px;}.kadence-column705_4c0702-79 > .kt-inside-inner-col{column-gap:var(--global-kb-gap-sm, 1rem);}.kadence-column705_4c0702-79 > .kt-inside-inner-col{flex-direction:column;}.kadence-column705_4c0702-79 > .kt-inside-inner-col > .aligncenter{width:100%;}.kadence-column705_4c0702-79 > .kt-inside-inner-col:before{opacity:0.3;}.kadence-column705_4c0702-79{position:relative;}@media all and (max-width: 1024px){.kadence-column705_4c0702-79 > .kt-inside-inner-col{flex-direction:column;justify-content:center;}}@media all and (max-width: 767px){.kadence-column705_4c0702-79 > .kt-inside-inner-col{flex-direction:column;justify-content:center;}}<\/style>\n<div class=\"wp-block-kadence-column kadence-column705_4c0702-79\"><div class=\"kt-inside-inner-col\">\n<figure class=\"wp-block-image size-large\"><img loading=\"lazy\" decoding=\"async\" width=\"681\" height=\"1024\" src=\"https:\/\/grodzisk-psychoterapia.pl\/wp-content\/uploads\/2025\/12\/JGL-2-681x1024.png\" alt=\"\" class=\"wp-image-843\" srcset=\"https:\/\/grodzisk-psychoterapia.pl\/wp-content\/uploads\/2025\/12\/JGL-2-681x1024.png 681w, https:\/\/grodzisk-psychoterapia.pl\/wp-content\/uploads\/2025\/12\/JGL-2-200x300.png 200w, https:\/\/grodzisk-psychoterapia.pl\/wp-content\/uploads\/2025\/12\/JGL-2-768x1154.png 768w, https:\/\/grodzisk-psychoterapia.pl\/wp-content\/uploads\/2025\/12\/JGL-2-1022x1536.png 1022w, https:\/\/grodzisk-psychoterapia.pl\/wp-content\/uploads\/2025\/12\/JGL-2-8x12.png 8w, https:\/\/grodzisk-psychoterapia.pl\/wp-content\/uploads\/2025\/12\/JGL-2.png 1331w\" sizes=\"auto, (max-width: 681px) 100vw, 681px\" \/><\/figure>\n<\/div><\/div>\n\n\n<style>.kadence-column705_5ef14d-f0 > .kt-inside-inner-col,.kadence-column705_5ef14d-f0 > .kt-inside-inner-col:before{border-top-left-radius:0px;border-top-right-radius:0px;border-bottom-right-radius:0px;border-bottom-left-radius:0px;}.kadence-column705_5ef14d-f0 > .kt-inside-inner-col{column-gap:var(--global-kb-gap-sm, 1rem);}.kadence-column705_5ef14d-f0 > .kt-inside-inner-col{flex-direction:column;}.kadence-column705_5ef14d-f0 > .kt-inside-inner-col > .aligncenter{width:100%;}.kadence-column705_5ef14d-f0 > .kt-inside-inner-col:before{opacity:0.3;}.kadence-column705_5ef14d-f0{position:relative;}@media all and (max-width: 1024px){.kadence-column705_5ef14d-f0 > .kt-inside-inner-col{flex-direction:column;justify-content:center;}}@media all and (max-width: 767px){.kadence-column705_5ef14d-f0 > .kt-inside-inner-col{flex-direction:column;justify-content:center;}}<\/style>\n<div class=\"wp-block-kadence-column kadence-column705_5ef14d-f0\"><div class=\"kt-inside-inner-col\">\n<p>Pracuj\u0119 jako psychoterapeuta od 2006 roku. Przez ponad 10 lat prowadzi\u0142am o\u015brodek psychoterapii STATEK PSYCHOLOGIA w Warszawie, kt\u00f3rego jestem za\u0142o\u017cycielk\u0105. Obecnie prowadz\u0119 praktyk\u0119 indywidualn\u0105.<\/p>\n\n\n\n<p>Uko\u0144czy\u0142am studia z zakresu psychologii klinicznej w Szkole Wy\u017cszej Psychologii Spo\u0142ecznej (obecnie Uniwersytet SWPS). Nast\u0119pnie rozwija\u0142am swoje kompetencje w ramach 4-letniego szkolenia w psychoterapii poznawczo-behawioralnej os\u00f3b doros\u0142ych, prowadzonego pod auspicjami Oxford Cognitive Therapy Centre w Wielkiej Brytanii. <\/p>\n\n\n\n<p>Uko\u0144czy\u0142am te\u017c ca\u0142o\u015bciowe 4 letnie szkolenie z psychoterapii psychoanalitycznej os\u00f3b doros\u0142ych w Studium Psychoterapii Analitycznej w Warszawie &#8211; szkole afiliowanej w Polskim Towarzystwie Psychoterapii Psychoanalitycznej. Jej program opiera si\u0119 na standardach Brytyjskiego Towarzystwa Psychoterapii oraz Europejskiej Federacji Psychoterapii Psychoanalitycznej.<\/p>\n\n\n\n<p>Jestem cz\u0142onkiem Sekcji Psychoterapii Polskiego Towarzystwa Psychologicznego oraz Polskiego Towarzystwa Psychoterapii Psychoanalitycznej. Regularnie korzystam z superwizji u certyfikowanych superwizor\u00f3w PTPP, dbaj\u0105c o jako\u015b\u0107 i rozw\u00f3j swojej pracy terapeutycznej.<\/p>\n<\/div><\/div>\n\n<\/div><\/div>\n\n<style>.wp-block-kadence-advancedheading.kt-adv-heading705_784933-3f, .wp-block-kadence-advancedheading.kt-adv-heading705_784933-3f[data-kb-block=\"kb-adv-heading705_784933-3f\"]{text-align:center;font-style:normal;}.wp-block-kadence-advancedheading.kt-adv-heading705_784933-3f mark.kt-highlight, .wp-block-kadence-advancedheading.kt-adv-heading705_784933-3f[data-kb-block=\"kb-adv-heading705_784933-3f\"] mark.kt-highlight{font-style:normal;color:#f76a0c;-webkit-box-decoration-break:clone;box-decoration-break:clone;padding-top:0px;padding-right:0px;padding-bottom:0px;padding-left:0px;}.wp-block-kadence-advancedheading.kt-adv-heading705_784933-3f img.kb-inline-image, .wp-block-kadence-advancedheading.kt-adv-heading705_784933-3f[data-kb-block=\"kb-adv-heading705_784933-3f\"] img.kb-inline-image{width:150px;vertical-align:baseline;}<\/style>\n<h4 class=\"kt-adv-heading705_784933-3f wp-block-kadence-advancedheading\" data-kb-block=\"kb-adv-heading705_784933-3f\">Moje szkolenie to cz\u0119\u015b\u0107 teoretyczno seminaryjna i superwizja (obie po 4 lata) oraz intensywna 6-letnia psychoanaliza w\u0142asna na kozetce. <\/h4>\n\n\n\n<p>Mam poczucie, \u017ce tak pog\u0142\u0119biony trening pozwala mi na dobre rozeznanie si\u0119 we w\u0142asnym wn\u0119trzu, co przek\u0142ada si\u0119 na lepsze rozumienie sytuacji wewn\u0119trznej moich pacjent\u00f3w i proces\u00f3w rozgrywaj\u0105cych si\u0119 pomi\u0119dzy nami.<\/p>\n\n\n\n<p class=\"has-theme-palette-1-color has-text-color has-link-color wp-elements-09bb7a2a5465b5e0c0efa16d9244c00e\">Po godzinach wraz z Mart\u0105 Bier\u0107 prowadz\u0119 psychoanalityczny projekt filmowy &#8211; <em><a href=\"https:\/\/www.facebook.com\/profile.php?id=61572702838798\" target=\"_blank\" rel=\"noreferrer noopener\">PRZYBLI\u017bENIA. OKIEM PSYCHOANALIZY.<\/a><\/em> Jest to cykl filmowy realizowany przy wsp\u00f3\u0142pracy z kinem <a href=\"http:\/\/novekino.pl\/kina\/wisla\/button_5.php\" target=\"_blank\" rel=\"noreferrer noopener\">Wis\u0142a<\/a> i <a href=\"http:\/\/ptpp.pl\" target=\"_blank\" rel=\"noreferrer noopener\">Polskim Towarzystwem Psychoterapii Psychoanalitycznej<\/a>, gdzie raz w miesi\u0105cu, po obejrzeniu ciekawego filmu wraz z go\u015b\u0107mi i widowni\u0105 statramy si\u0119 pog\u0142\u0119bi\u0107 jego rozumienie za pomoc\u0105 psychoanalitycznej burzy m\u00f3zg\u00f3w. Za ka\u017cdym razem jest to poruszaj\u0105ce i inspiruj\u0105ce do\u015bwiadczenie.<\/p>\n","protected":false},"excerpt":{"rendered":"<p>Pracuj\u0119 jako psychoterapeuta od 2006 roku. Przez ponad 10 lat prowadzi\u0142am o\u015brodek psychoterapii STATEK PSYCHOLOGIA w Warszawie, kt\u00f3rego jestem za\u0142o\u017cycielk\u0105. Obecnie prowadz\u0119 praktyk\u0119 indywidualn\u0105. Uko\u0144czy\u0142am studia z zakresu psychologii klinicznej w Szkole Wy\u017cszej Psychologii Spo\u0142ecznej (obecnie Uniwersytet SWPS). Nast\u0119pnie rozwija\u0142am swoje kompetencje w ramach 4-letniego szkolenia w psychoterapii poznawczo-behawioralnej os\u00f3b doros\u0142ych, prowadzonego pod auspicjami Oxford&#8230;<\/p>","protected":false},"author":1,"featured_media":0,"parent":0,"menu_order":0,"comment_status":"closed","ping_status":"closed","template":"","meta":{"_kadence_starter_templates_imported_post":false,"_kad_post_transparent":"","_kad_post_title":"","_kad_post_layout":"","_kad_post_sidebar_id":"","_kad_post_content_style":"","_kad_post_vertical_padding":"","_kad_post_feature":"","_kad_post_feature_position":"","_kad_post_header":false,"_kad_post_footer":false,"_kad_post_classname":"","footnotes":""},"class_list":["post-705","page","type-page","status-publish","hentry"],"_links":{"self":[{"href":"https:\/\/grodzisk-psychoterapia.pl\/en\/wp-json\/wp\/v2\/pages\/705","targetHints":{"allow":["GET"]}}],"collection":[{"href":"https:\/\/grodzisk-psychoterapia.pl\/en\/wp-json\/wp\/v2\/pages"}],"about":[{"href":"https:\/\/grodzisk-psychoterapia.pl\/en\/wp-json\/wp\/v2\/types\/page"}],"author":[{"embeddable":true,"href":"https:\/\/grodzisk-psychoterapia.pl\/en\/wp-json\/wp\/v2\/users\/1"}],"replies":[{"embeddable":true,"href":"https:\/\/grodzisk-psychoterapia.pl\/en\/wp-json\/wp\/v2\/comments?post=705"}],"version-history":[{"count":15,"href":"https:\/\/grodzisk-psychoterapia.pl\/en\/wp-json\/wp\/v2\/pages\/705\/revisions"}],"predecessor-version":[{"id":870,"href":"https:\/\/grodzisk-psychoterapia.pl\/en\/wp-json\/wp\/v2\/pages\/705\/revisions\/870"}],"wp:attachment":[{"href":"https:\/\/grodzisk-psychoterapia.pl\/en\/wp-json\/wp\/v2\/media?parent=705"}],"curies":[{"name":"wp","href":"https:\/\/api.w.org\/{rel}","templated":true}]}}