{"id":712,"date":"2025-09-20T21:20:58","date_gmt":"2025-09-20T19:20:58","guid":{"rendered":"https:\/\/grodzisk-psychoterapia.pl\/?page_id=712"},"modified":"2025-12-11T22:44:27","modified_gmt":"2025-12-11T21:44:27","slug":"psychoterapia-psychoanalityczna","status":"publish","type":"page","link":"https:\/\/grodzisk-psychoterapia.pl\/en\/psychoterapia-psychoanalityczna\/","title":{"rendered":"Analytic Therapy"},"content":{"rendered":"<div class=\"wp-block-image\">\n<figure class=\"aligncenter size-large\"><img loading=\"lazy\" decoding=\"async\" width=\"1024\" height=\"353\" src=\"https:\/\/grodzisk-psychoterapia.pl\/wp-content\/uploads\/2025\/12\/Analysis2-1024x353.jpg\" alt=\"\" class=\"wp-image-864\" srcset=\"https:\/\/grodzisk-psychoterapia.pl\/wp-content\/uploads\/2025\/12\/Analysis2-1024x353.jpg 1024w, https:\/\/grodzisk-psychoterapia.pl\/wp-content\/uploads\/2025\/12\/Analysis2-300x103.jpg 300w, https:\/\/grodzisk-psychoterapia.pl\/wp-content\/uploads\/2025\/12\/Analysis2-768x264.jpg 768w, https:\/\/grodzisk-psychoterapia.pl\/wp-content\/uploads\/2025\/12\/Analysis2-1536x529.jpg 1536w, https:\/\/grodzisk-psychoterapia.pl\/wp-content\/uploads\/2025\/12\/Analysis2-2048x705.jpg 2048w, https:\/\/grodzisk-psychoterapia.pl\/wp-content\/uploads\/2025\/12\/Analysis2-18x6.jpg 18w\" sizes=\"auto, (max-width: 1024px) 100vw, 1024px\" \/><\/figure>\n<\/div>\n\n\n<p>Psychoanalytic psychotherapy is a form of psychological treatment rooted in the principles of psychoanalysis first introduced by Sigmund Freud. Over time, the method has evolved and, in various approaches and theoretical schools, is now practiced around the world.<\/p>\n\n\n\n<p class=\"has-theme-palette-1-color has-text-color has-link-color wp-elements-7790ff5cda98a233860e1e4d66d89da3\">The central idea of this approach is to explore the unconscious mechanisms that shape human behavior. This exploration helps patients gain a deeper understanding of themselves and their relationships with others. Therapy provides a space that supports more conscious living\u2014allowing individuals to free their minds, tap more fully into their potential, and regain the freedom to reflect on what matters in their lives and inner experience.<\/p>\n\n\n\n<p>In my view, psychotherapy helps people discover the inner resources necessary to navigate life in a way that feels both authentic and personally meaningful. It offers a unique space, created within the therapeutic relationship, where one can explore what is important yet often difficult to access or concealed\u2014such as memories, emotions, beliefs, aspirations, or habitual ways of interpreting reality and responding to it.<\/p>\n\n\n\n<p class=\"has-theme-palette-1-color has-text-color has-link-color wp-elements-36235ab5bce37db5f23bc096f360d620\">Facing long-established patterns of thinking, feeling, and behaving, and gaining a deeper understanding of them, forms the first step toward change\u2014toward more mature and genuine ways of being. In this process, the psychotherapeutic relationship becomes a dynamic source of self-knowledge, growth, and lasting transformation.<\/p>","protected":false},"excerpt":{"rendered":"<p>Psychoterapia psychoanalityczna jest metod\u0105 leczenia psychologicznego opart\u0105 na za\u0142o\u017ceniach psychoanalizy, zaproponowanej po raz pierwszy przez Zygmunta Freuda. Od tamtego czasu by\u0142a rozwijana i dzi\u015b, w r\u00f3\u017cnych uj\u0119ciach i szko\u0142ach teoretycznych, znajduje zastosowanie na ca\u0142ym \u015bwiecie. G\u0142\u00f3wn\u0105 ide\u0105 tego podej\u015bcia jest badanie nie\u015bwiadomych mechanizm\u00f3w, kt\u00f3re kieruj\u0105 ludzkim zachowaniem. Dzi\u0119ki temu pacjent mo\u017ce lepiej zrozumie\u0107 siebie i&#8230;<\/p>","protected":false},"author":1,"featured_media":0,"parent":0,"menu_order":0,"comment_status":"closed","ping_status":"closed","template":"","meta":{"_kadence_starter_templates_imported_post":false,"_kad_post_transparent":"","_kad_post_title":"","_kad_post_layout":"","_kad_post_sidebar_id":"","_kad_post_content_style":"","_kad_post_vertical_padding":"","_kad_post_feature":"","_kad_post_feature_position":"","_kad_post_header":false,"_kad_post_footer":false,"_kad_post_classname":"","footnotes":""},"class_list":["post-712","page","type-page","status-publish","hentry"],"_links":{"self":[{"href":"https:\/\/grodzisk-psychoterapia.pl\/en\/wp-json\/wp\/v2\/pages\/712","targetHints":{"allow":["GET"]}}],"collection":[{"href":"https:\/\/grodzisk-psychoterapia.pl\/en\/wp-json\/wp\/v2\/pages"}],"about":[{"href":"https:\/\/grodzisk-psychoterapia.pl\/en\/wp-json\/wp\/v2\/types\/page"}],"author":[{"embeddable":true,"href":"https:\/\/grodzisk-psychoterapia.pl\/en\/wp-json\/wp\/v2\/users\/1"}],"replies":[{"embeddable":true,"href":"https:\/\/grodzisk-psychoterapia.pl\/en\/wp-json\/wp\/v2\/comments?post=712"}],"version-history":[{"count":7,"href":"https:\/\/grodzisk-psychoterapia.pl\/en\/wp-json\/wp\/v2\/pages\/712\/revisions"}],"predecessor-version":[{"id":865,"href":"https:\/\/grodzisk-psychoterapia.pl\/en\/wp-json\/wp\/v2\/pages\/712\/revisions\/865"}],"wp:attachment":[{"href":"https:\/\/grodzisk-psychoterapia.pl\/en\/wp-json\/wp\/v2\/media?parent=712"}],"curies":[{"name":"wp","href":"https:\/\/api.w.org\/{rel}","templated":true}]}}